{"id":104,"date":"2013-08-25T13:38:04","date_gmt":"2013-08-25T15:38:04","guid":{"rendered":"http:\/\/darima.slo-mtb.com\/?page_id=104"},"modified":"2018-10-26T08:20:35","modified_gmt":"2018-10-26T06:20:35","slug":"splosni-pogoji","status":"publish","type":"page","link":"http:\/\/darima.si\/?page_id=104","title":{"rendered":"SPLO\u0160NI POGOJI"},"content":{"rendered":"<p>Splo\u0161ni pogoji poslovanja dolo\u010dajo pravice in obveznosti med upraviteljem spletnega portala in uporabniki.\u00a0Upravitelj spletnega portala www.darima.si je podjetje Darima d.o.o., Kraljevi\u010da Marka ulica 5, 2000 Maribor. Registriran kot dav\u010dni zavezanec, vpisan v register pod ID za DDV: SI12151726<\/p>\n<p>Na\u0161a spletna stran je v celoti namenjena predstavitvi na\u0161ih izdelkov. Spletna stran je namenjena izklju\u010dno podjetjem, ki ji, \u017eelimo na dosegljiv in hiter na\u010din ponuditi \u010dim ve\u010djo izbiro poslovnih in promocijskih daril po ugodnih cenah.<\/p>\n<p>Vse cene izdelkov so v EUR in ne vklju\u010dujejo 22% DDV.\u00a0Cene veljajo v \u010dasu objave akcije izdelka oziroma do razprodaje zalog.<\/p>\n<p><strong>Naro\u010danje artiklov<\/strong><\/p>\n<p>S potrditvijo naro\u010dila je uporabnik potrjuje, da je seznanjen s splo\u0161nimi pogoji poslovanja spletnega portala.<\/p>\n<p>Ob izbranem izdelku pritisnite ikono \u201dV ko\u0161arico\u201d ali pa potegnite izbran artikel v nakupovalno ko\u0161arico. Pri izboru posameznega izdelka bo sistem samodejno nalagal izbrane izdelke v nakupovalno ko\u0161arico.\u00a0V nakupovalni ko\u0161arici se bodo takoj zabele\u017eili izbrani izdelki in koli\u010dina izdelkov, ki jih lahko vedno spreminjate ali izvedete nakup do konca.\u00a0Ko nakup zaklju\u010dite, kliknete gumb \u201dNaprej na pla\u010dilo\u201d. Odpre se okno z listo izbranih artiklov in skupno ceno z DDV in brez DDV.\u00a0\u010ce ste s seznamom zadovoljni, kliknite na gumb \u201cpla\u010dilo\u201d. Odpre se okno kamor napi\u0161ete samo e-mail naslov va\u0161ega podjetja in naziv va\u0161ega podjetja. V NOBENEM PRIMERU NE VPISUJTE SVOJIH OSEBNIH PODATKOV ALI OSEBNEGA E-MAIL NASLOVA. Osebnih podatkov ne shranjujemo ali kakorkoli druga\u010de uporabljamo.<\/p>\n<p>S pritiskom na Oddaj naro\u010dilo, boste oddali naro\u010dilo povpra\u0161evanja\u00a0o \u017eeljenem blagu. Po prejetju va\u0161e poizvedbe, vas bomo takoj kot je mogo\u010de o nadaljnih postopkih obvestili na elektronski naslov va\u0161ega podjetja.<\/p>\n<p>Artikle bomo dobavili \u0161ele po prejetju sredstev na na\u0161 TRR ali pa po povzetju.<\/p>\n<p><strong>Kon\u010dna dolo\u010dila<\/strong><\/p>\n<p>Uporabnik ob nakupu potrjuje, da je v celoti seznanjen s splo\u0161nimi pogoji poslovanja spletnega portala www.darima.si in da se z njimi strinja.\u00a0Glede morebitnih sporov se obe strani zavzemata za sporazumno re\u0161evanje sporov. Kolikor medsebojnega sporazuma ni mo\u010d dose\u010di, je pristojno sodi\u0161\u010de v Mariboru.\u00a0Pridr\u017eujemo si pravico do sprememb in napak v cenah, slikah in napisanem besedilu.\u00a0Nekatere slike na portalu so lahko simboli\u010dne.<\/p>\n<p>\u017delimo Vam uspe\u0161no in zadovoljno nakupovanje poslovnih in promocijskih daril,<\/p>\n<p>Ekipa Darima d.o.o.<\/p>\n","protected":false},"excerpt":{"rendered":"<p>Splo\u0161ni pogoji poslovanja dolo\u010dajo pravice in obveznosti med upraviteljem spletnega portala in uporabniki.\u00a0Upravitelj spletnega portala www.darima.si je podjetje Darima d.o.o., Kraljevi\u010da Marka ulica 5, 2000 Maribor. Registriran kot dav\u010dni zavezanec, vpisan v register pod ID za DDV: SI12151726 Na\u0161a spletna stran je v celoti namenjena predstavitvi na\u0161ih izdelkov. Spletna stran je namenjena izklju\u010dno podjetjem, ki [&hellip;]<\/p>\n","protected":false},"author":1,"featured_media":0,"parent":0,"menu_order":0,"comment_status":"closed","ping_status":"closed","template":"template-fullwidth.php","meta":[],"_links":{"self":[{"href":"http:\/\/darima.si\/index.php?rest_route=\/wp\/v2\/pages\/104"}],"collection":[{"href":"http:\/\/darima.si\/index.php?rest_route=\/wp\/v2\/pages"}],"about":[{"href":"http:\/\/darima.si\/index.php?rest_route=\/wp\/v2\/types\/page"}],"author":[{"embeddable":true,"href":"http:\/\/darima.si\/index.php?rest_route=\/wp\/v2\/users\/1"}],"replies":[{"embeddable":true,"href":"http:\/\/darima.si\/index.php?rest_route=%2Fwp%2Fv2%2Fcomments&post=104"}],"version-history":[{"count":6,"href":"http:\/\/darima.si\/index.php?rest_route=\/wp\/v2\/pages\/104\/revisions"}],"predecessor-version":[{"id":711,"href":"http:\/\/darima.si\/index.php?rest_route=\/wp\/v2\/pages\/104\/revisions\/711"}],"wp:attachment":[{"href":"http:\/\/darima.si\/index.php?rest_route=%2Fwp%2Fv2%2Fmedia&parent=104"}],"curies":[{"name":"wp","href":"https:\/\/api.w.org\/{rel}","templated":true}]}}