{"id":149,"date":"2014-10-02T11:27:51","date_gmt":"2014-10-02T11:27:51","guid":{"rendered":"http:\/\/darima.si\/?page_id=149"},"modified":"2015-03-26T11:00:04","modified_gmt":"2015-03-26T11:00:04","slug":"domov","status":"publish","type":"page","link":"http:\/\/darima.si\/?page_id=149","title":{"rendered":"DOMOV"},"content":{"rendered":"<p>Nudimo vam veliko izbiro poslovnih in promocijskih daril po ugodnih cenah z mo\u017enostjo dotiska.<\/p>\n<p>&nbsp;<\/p>\n<h2><\/h2>\n<p>Rokovniki sodijo med najbolj priljubljena poslovna darila. V na\u0161i ponudbi lahko izbirate med kvalitetno izdelanimi rokovniki razli\u010dnih dimenzij in barv. Nudimo mo\u017enost dotiska na rokovnike po va\u0161ih \u017eeljah.<\/p>\n<p>Koledarji<\/p>\n<p>Prakti\u010dni, kvalitetno izdelani vizitkarji, lahko s primerno dodelavo postanejo prakti\u010dno in lepo darilo za va\u0161ega poslovnega partnerja. V na\u0161i ponudbi lahko izbirate med vizitkarji razli\u010dnih barv. Nudimo mo\u017enost tiska na vizitkarje po va\u0161ih \u017eeljah.<\/p>\n<p>&nbsp;<\/p>\n<p>V na\u0161i ponudbi lahko izbirate med razli\u010dnimi artikli, ki so lahko oblikovani popolnoma individualno.<\/p>\n<p>&nbsp;<\/p>\n<p>Za morebitne dodatne informacije smo vam na voljo v na\u0161em prodajnem salonu, na Kraljevi\u010da Marka ulici 5 v Mariboru, po elektronski po\u0161ti info@darima.si ali na telefonski \u0161tevilki: 02\/252 16 90. Z veseljem vam bomo pomagali pri va\u0161i izbiri poslovnih daril in vam odgovorili na dodatna vpra\u0161anja ali \u017eelje. \u017delimo vam uspe\u0161no in zadovoljno nakupovanje poslovnih in promocijskih daril.<\/p>\n<p>&nbsp;<\/p>\n<p>Vse cene izdelkov so v EUR in ne vklju\u010dujejo 22% DDV. Ponudba velja le v \u010dasu objave akcije izdelka oziroma do razprodaje zalog.<\/p>\n<p>&nbsp;<\/p>\n<p>Podjetje Darima d.o.o. se pona\u0161a z dolgoletno tradicijo izdelovanja poslovnih in promocijskih daril.<\/p>\n<p>&nbsp;<\/p>\n<p>Darima d.o.o. Kraljevi\u010da Marka ulica 5 2000 Maribor Telefon: 02 \/ 252 16 90 Fax: 02 \/ 251 55 74 E-mail: info@darima.si<\/p>\n<p>&nbsp;<\/p>\n<p>2009-2014<\/p>\n<p>&nbsp;<\/p>\n","protected":false},"excerpt":{"rendered":"<p>Nudimo vam veliko izbiro poslovnih in promocijskih daril po ugodnih cenah z mo\u017enostjo dotiska. &nbsp; Rokovniki sodijo med najbolj priljubljena poslovna darila. V na\u0161i ponudbi lahko izbirate med kvalitetno izdelanimi rokovniki razli\u010dnih dimenzij in barv. Nudimo mo\u017enost dotiska na rokovnike po va\u0161ih \u017eeljah. Koledarji Prakti\u010dni, kvalitetno izdelani vizitkarji, lahko s primerno dodelavo postanejo prakti\u010dno in [&hellip;]<\/p>\n","protected":false},"author":1,"featured_media":0,"parent":0,"menu_order":0,"comment_status":"closed","ping_status":"closed","template":"","meta":[],"_links":{"self":[{"href":"http:\/\/darima.si\/index.php?rest_route=\/wp\/v2\/pages\/149"}],"collection":[{"href":"http:\/\/darima.si\/index.php?rest_route=\/wp\/v2\/pages"}],"about":[{"href":"http:\/\/darima.si\/index.php?rest_route=\/wp\/v2\/types\/page"}],"author":[{"embeddable":true,"href":"http:\/\/darima.si\/index.php?rest_route=\/wp\/v2\/users\/1"}],"replies":[{"embeddable":true,"href":"http:\/\/darima.si\/index.php?rest_route=%2Fwp%2Fv2%2Fcomments&post=149"}],"version-history":[{"count":1,"href":"http:\/\/darima.si\/index.php?rest_route=\/wp\/v2\/pages\/149\/revisions"}],"predecessor-version":[{"id":150,"href":"http:\/\/darima.si\/index.php?rest_route=\/wp\/v2\/pages\/149\/revisions\/150"}],"wp:attachment":[{"href":"http:\/\/darima.si\/index.php?rest_route=%2Fwp%2Fv2%2Fmedia&parent=149"}],"curies":[{"name":"wp","href":"https:\/\/api.w.org\/{rel}","templated":true}]}}