{"id":86,"date":"2013-08-25T12:20:52","date_gmt":"2013-08-25T14:20:52","guid":{"rendered":"http:\/\/darima.slo-mtb.com\/?page_id=86"},"modified":"2020-10-13T13:57:15","modified_gmt":"2020-10-13T11:57:15","slug":"kje-smo","status":"publish","type":"page","link":"http:\/\/darima.si\/?page_id=86","title":{"rendered":"KJE SMO"},"content":{"rendered":"<p lang=\"zxx\">Za morebitne dodatne informacije smo vam na voljo v na\u0161em prodajnem salonu, na Kraljevi\u010da Marka ulici 5 v Mariboru, po elektronski po\u0161ti info@darima.si ali na telefonski \u0161tevilki: 02\/252 16 90. Z veseljem vam bomo pomagali pri va\u0161i izbiri poslovnih daril in vam odgovorili na dodatna vpra\u0161anja ali \u017eelje.<\/p>\n<p lang=\"zxx\"><a href=\"https:\/\/g.page\/DARIMA-poslovna-darila?gm\"><img loading=\"lazy\" class=\"alignnone size-full wp-image-211\" src=\"http:\/\/darima.si\/wp-content\/uploads\/2013\/08\/kjesmo1.jpg\" alt=\"kjesmo\" width=\"933\" height=\"668\" srcset=\"http:\/\/darima.si\/wp-content\/uploads\/2013\/08\/kjesmo1.jpg 933w, http:\/\/darima.si\/wp-content\/uploads\/2013\/08\/kjesmo1-300x215.jpg 300w, http:\/\/darima.si\/wp-content\/uploads\/2013\/08\/kjesmo1-600x430.jpg 600w\" sizes=\"(max-width: 933px) 100vw, 933px\" \/><\/a><\/p>\n<p lang=\"zxx\">\n<p lang=\"zxx\"><span style=\"color: #000000;\"><span style=\"font-family: Arial;\">01. IZVOZ MARIBOR &#8211; CENTER IZ H2 &#8211; Hitre ceste skozi Maribor.<\/span><\/span><\/p>\n<p lang=\"zxx\"><span style=\"color: #000000;\"><span style=\"font-family: Arial;\">02. V SEMAFORIZIRANEMU KRI\u017dI\u0160\u010cU DESNO.<\/span><\/span><\/p>\n<p lang=\"zxx\"><span style=\"color: #000000;\"><span style=\"font-family: Arial;\">03. V NESEMAFORIZIRANEMU KRI\u017dI\u0160\u010cU PELJITE NARAVNOST.<\/span><\/span><\/p>\n<p lang=\"zxx\"><span style=\"color: #000000;\"><span style=\"font-family: Arial;\">04. IZBERITE DRUGI UVOZ DESNO IN ZAPELJITE NA DVORI\u0160\u010cE POSLOVNE CONE.<\/span><\/span><\/p>\n<p lang=\"zxx\"><span style=\"color: #000000;\"><span style=\"font-family: Arial;\">05. PELJITE NARAVNOST IN NA KONCU NA DESNO. VHOD JE Z JU\u017dNE STRANI.<\/span><\/span><\/p>\n","protected":false},"excerpt":{"rendered":"<p>Za morebitne dodatne informacije smo vam na voljo v na\u0161em prodajnem salonu, na Kraljevi\u010da Marka ulici 5 v Mariboru, po elektronski po\u0161ti info@darima.si ali na telefonski \u0161tevilki: 02\/252 16 90. Z veseljem vam bomo pomagali pri va\u0161i izbiri poslovnih daril in vam odgovorili na dodatna vpra\u0161anja ali \u017eelje. 01. IZVOZ MARIBOR &#8211; CENTER IZ H2 [&hellip;]<\/p>\n","protected":false},"author":1,"featured_media":0,"parent":0,"menu_order":0,"comment_status":"closed","ping_status":"closed","template":"template-fullwidth.php","meta":[],"_links":{"self":[{"href":"http:\/\/darima.si\/index.php?rest_route=\/wp\/v2\/pages\/86"}],"collection":[{"href":"http:\/\/darima.si\/index.php?rest_route=\/wp\/v2\/pages"}],"about":[{"href":"http:\/\/darima.si\/index.php?rest_route=\/wp\/v2\/types\/page"}],"author":[{"embeddable":true,"href":"http:\/\/darima.si\/index.php?rest_route=\/wp\/v2\/users\/1"}],"replies":[{"embeddable":true,"href":"http:\/\/darima.si\/index.php?rest_route=%2Fwp%2Fv2%2Fcomments&post=86"}],"version-history":[{"count":3,"href":"http:\/\/darima.si\/index.php?rest_route=\/wp\/v2\/pages\/86\/revisions"}],"predecessor-version":[{"id":1037,"href":"http:\/\/darima.si\/index.php?rest_route=\/wp\/v2\/pages\/86\/revisions\/1037"}],"wp:attachment":[{"href":"http:\/\/darima.si\/index.php?rest_route=%2Fwp%2Fv2%2Fmedia&parent=86"}],"curies":[{"name":"wp","href":"https:\/\/api.w.org\/{rel}","templated":true}]}}