{"id":90,"date":"2013-08-25T12:21:30","date_gmt":"2013-08-25T14:21:30","guid":{"rendered":"http:\/\/darima.slo-mtb.com\/?page_id=90"},"modified":"2014-10-05T00:54:39","modified_gmt":"2014-10-05T00:54:39","slug":"kaj-delamo","status":"publish","type":"page","link":"http:\/\/darima.si\/?page_id=90","title":{"rendered":"KAJ DELAMO"},"content":{"rendered":"<p><a href=\"http:\/\/darima.si\/wp-content\/uploads\/2014\/10\/rokovnikipn.jpg\"><img loading=\"lazy\" class=\"alignnone size-full wp-image-167\" src=\"http:\/\/darima.si\/wp-content\/uploads\/2014\/10\/rokovnikipn.jpg\" alt=\"rokovnikipn\" width=\"653\" height=\"490\" srcset=\"http:\/\/darima.si\/wp-content\/uploads\/2014\/10\/rokovnikipn.jpg 653w, http:\/\/darima.si\/wp-content\/uploads\/2014\/10\/rokovnikipn-300x225.jpg 300w, http:\/\/darima.si\/wp-content\/uploads\/2014\/10\/rokovnikipn-600x450.jpg 600w\" sizes=\"(max-width: 653px) 100vw, 653px\" \/><\/a><\/p>\n<p><strong>Na\u0161 razstavni salon<\/strong><br \/>\nPodjetje Darima d.o.o. se pona\u0161a z dolgoletno tradicijo izdelovanja poslovnih in promocijskih daril.<\/p>\n<p>Specializirali smo se za izdelavo:<\/p>\n<ul>\n<li>ve\u010d vrst serijskih rokovnikov,<\/li>\n<li>rokovnikov po naro\u010dilu,<\/li>\n<li>ve\u010d vrst serijskih koledarjev,<\/li>\n<li>koledarjev po naro\u010dilu.<\/li>\n<\/ul>\n","protected":false},"excerpt":{"rendered":"<p>Na\u0161 razstavni salon Podjetje Darima d.o.o. se pona\u0161a z dolgoletno tradicijo izdelovanja poslovnih in promocijskih daril. Specializirali smo se za izdelavo: ve\u010d vrst serijskih rokovnikov, rokovnikov po naro\u010dilu, ve\u010d vrst serijskih koledarjev, koledarjev po naro\u010dilu.<\/p>\n","protected":false},"author":1,"featured_media":0,"parent":0,"menu_order":0,"comment_status":"closed","ping_status":"closed","template":"template-fullwidth.php","meta":[],"_links":{"self":[{"href":"http:\/\/darima.si\/index.php?rest_route=\/wp\/v2\/pages\/90"}],"collection":[{"href":"http:\/\/darima.si\/index.php?rest_route=\/wp\/v2\/pages"}],"about":[{"href":"http:\/\/darima.si\/index.php?rest_route=\/wp\/v2\/types\/page"}],"author":[{"embeddable":true,"href":"http:\/\/darima.si\/index.php?rest_route=\/wp\/v2\/users\/1"}],"replies":[{"embeddable":true,"href":"http:\/\/darima.si\/index.php?rest_route=%2Fwp%2Fv2%2Fcomments&post=90"}],"version-history":[{"count":1,"href":"http:\/\/darima.si\/index.php?rest_route=\/wp\/v2\/pages\/90\/revisions"}],"predecessor-version":[{"id":210,"href":"http:\/\/darima.si\/index.php?rest_route=\/wp\/v2\/pages\/90\/revisions\/210"}],"wp:attachment":[{"href":"http:\/\/darima.si\/index.php?rest_route=%2Fwp%2Fv2%2Fmedia&parent=90"}],"curies":[{"name":"wp","href":"https:\/\/api.w.org\/{rel}","templated":true}]}}