{"id":239,"date":"2014-10-05T23:55:00","date_gmt":"2014-10-05T21:55:00","guid":{"rendered":"http:\/\/darima.si\/?product=koledar-4"},"modified":"2025-11-10T20:55:33","modified_gmt":"2025-11-10T18:55:33","slug":"koledar-4","status":"publish","type":"product","link":"http:\/\/darima.si\/?product=koledar-4","title":{"rendered":"KOLEDAR NAMIZNI LE\u017dE\u010cI"},"content":{"rendered":"<p>namizni, tedenski, le\u017ee\u010di,\u00a029 x 17,5 cm, brez vre\u010dke, kartonski podstavek.<\/p>\n<p>Cena je brez DDV.<\/p>\n","protected":false},"excerpt":{"rendered":"<p>namizni, tedenski, le\u017ee\u010di, 29 x 17,5 cm, brez vre\u010dke, kartonski podstavek.<\/p>\n<p>&nbsp;<\/p>\n","protected":false},"featured_media":1498,"template":"","meta":[],"product_cat":[15],"product_tag":[],"_links":{"self":[{"href":"http:\/\/darima.si\/index.php?rest_route=\/wp\/v2\/product\/239"}],"collection":[{"href":"http:\/\/darima.si\/index.php?rest_route=\/wp\/v2\/product"}],"about":[{"href":"http:\/\/darima.si\/index.php?rest_route=\/wp\/v2\/types\/product"}],"wp:featuredmedia":[{"embeddable":true,"href":"http:\/\/darima.si\/index.php?rest_route=\/wp\/v2\/media\/1498"}],"wp:attachment":[{"href":"http:\/\/darima.si\/index.php?rest_route=%2Fwp%2Fv2%2Fmedia&parent=239"}],"wp:term":[{"taxonomy":"product_cat","embeddable":true,"href":"http:\/\/darima.si\/index.php?rest_route=%2Fwp%2Fv2%2Fproduct_cat&post=239"},{"taxonomy":"product_tag","embeddable":true,"href":"http:\/\/darima.si\/index.php?rest_route=%2Fwp%2Fv2%2Fproduct_tag&post=239"}],"curies":[{"name":"wp","href":"https:\/\/api.w.org\/{rel}","templated":true}]}}