{"id":258,"date":"2014-10-06T08:49:21","date_gmt":"2014-10-06T06:49:21","guid":{"rendered":"http:\/\/darima.si\/?product=vlozek-za-poslovno-mapo"},"modified":"2023-10-22T19:37:17","modified_gmt":"2023-10-22T17:37:17","slug":"vlozek-za-poslovno-mapo","status":"publish","type":"product","link":"http:\/\/darima.si\/?product=vlozek-za-poslovno-mapo","title":{"rendered":"VLO\u017dEK ZA POSLOVNO MAPO"},"content":{"rendered":"<p>21 x 30 cm, s \u0161piralnim vlo\u017ekom.<\/p>\n<p>Cena je brez DDV.<\/p>\n","protected":false},"excerpt":{"rendered":"<p>21 x 30 cm, s \u0161piralnim vlo\u017ekom.<\/p>\n<p>&nbsp;<\/p>\n","protected":false},"featured_media":1366,"template":"","meta":[],"product_cat":[14],"product_tag":[],"_links":{"self":[{"href":"http:\/\/darima.si\/index.php?rest_route=\/wp\/v2\/product\/258"}],"collection":[{"href":"http:\/\/darima.si\/index.php?rest_route=\/wp\/v2\/product"}],"about":[{"href":"http:\/\/darima.si\/index.php?rest_route=\/wp\/v2\/types\/product"}],"wp:featuredmedia":[{"embeddable":true,"href":"http:\/\/darima.si\/index.php?rest_route=\/wp\/v2\/media\/1366"}],"wp:attachment":[{"href":"http:\/\/darima.si\/index.php?rest_route=%2Fwp%2Fv2%2Fmedia&parent=258"}],"wp:term":[{"taxonomy":"product_cat","embeddable":true,"href":"http:\/\/darima.si\/index.php?rest_route=%2Fwp%2Fv2%2Fproduct_cat&post=258"},{"taxonomy":"product_tag","embeddable":true,"href":"http:\/\/darima.si\/index.php?rest_route=%2Fwp%2Fv2%2Fproduct_tag&post=258"}],"curies":[{"name":"wp","href":"https:\/\/api.w.org\/{rel}","templated":true}]}}